{"id":43,"date":"2017-04-17T14:26:59","date_gmt":"2017-04-17T14:26:59","guid":{"rendered":"http:\/\/www.schorndorf-kantorei.de\/wp\/?page_id=43"},"modified":"2026-03-22T12:36:10","modified_gmt":"2026-03-22T11:36:10","slug":"konzertarchiv","status":"publish","type":"page","link":"https:\/\/www.schorndorf-kantorei.de\/?page_id=43","title":{"rendered":"Konzertarchiv"},"content":{"rendered":"<div id=\"txt_39\">\n<h3><span class=\"K\u00f6rper-C\">H\u00f6hepunkte der letzten Jahre:<\/span><\/h3>\n<ul>\n<li style=\"list-style-type: none;\">\n<ul>\n<li><a href=\"https:\/\/www.schorndorf-kantorei.de\/?p=1833\" target=\"_blank\" rel=\"noopener\">Gabriel Faur\u00e9: Requiem (2026)<\/a><\/li>\n<li><a href=\"https:\/\/www.schorndorf-kantorei.de\/?p=1727\" target=\"_blank\" rel=\"noopener\">Karl Jenkins: The Armed Man: A Mass for Peace + Gloria (2025)<\/a><\/li>\n<li><a href=\"https:\/\/www.schorndorf-kantorei.de\/?p=1679\" target=\"_blank\" rel=\"noopener\">Sommerkonzert Sch\u00f6pfungslieder (2025)<\/a><\/li>\n<li><a href=\"https:\/\/www.schorndorf-kantorei.de\/?p=1673\" target=\"_blank\" rel=\"noopener\">Rossini:\u00a0 Petite Messe solennelle (2025)<\/a><\/li>\n<li><a href=\"https:\/\/www.schorndorf-kantorei.de\/?p=1657\" target=\"_blank\" rel=\"noopener\">Haydn: Paukenmesse (Ausz\u00fcge im Rahmen des Ostergottesdienstes, 2025)<\/a><\/li>\n<li><a href=\"https:\/\/www.schorndorf-kantorei.de\/?p=1544\" target=\"_blank\" rel=\"noopener\">H\u00e4ndel: Messiah (2024)<\/a><\/li>\n<li><a href=\"https:\/\/www.schorndorf-kantorei.de\/?p=1518\" target=\"_blank\" rel=\"noopener\">Mendelssohn: Psalm 42 (2024)<\/a><\/li>\n<li><a href=\"https:\/\/www.schorndorf-kantorei.de\/?p=1479\" target=\"_blank\" rel=\"noopener\">Konzert des F\u00f6rdervereins (2024)<\/a><\/li>\n<li><a href=\"https:\/\/www.schorndorf-kantorei.de\/?p=1477\" target=\"_blank\" rel=\"noopener\">Johannes Brahms: Ein deutsches Requiem (2024)<\/a><\/li>\n<li><a href=\"https:\/\/www.schorndorf-kantorei.de\/?p=1400\" target=\"_blank\" rel=\"noopener\">W.A. Mozart: Requiem d-Moll (2023)<\/a><\/li>\n<li><a href=\"https:\/\/www.schorndorf-kantorei.de\/?p=1287\">Mart\u00edn Palmeri: Misa a Bunos Aires (2023)<\/a><\/li>\n<li><a href=\"https:\/\/www.schorndorf-kantorei.de\/?p=1260\" target=\"_blank\" rel=\"noopener\">Buxtehude: Alles, was ihr tut (Kantatengottesdienst, 2023)<\/a><\/li>\n<li><a href=\"https:\/\/www.schorndorf-kantorei.de\/?p=1168\" target=\"_blank\" rel=\"noopener\">Johann Sebastian Bach: Weihnachtsoratorium (Kantaten I bis III, 2022)<\/a><\/li>\n<li><a href=\"https:\/\/www.schorndorf-kantorei.de\/?p=1069\" target=\"_blank\" rel=\"noopener\">Johann Sebastian Bach: Johannespassion (2022)<\/a><\/li>\n<li><a href=\"https:\/\/www.schorndorf-kantorei.de\/?p=973\" target=\"_blank\" rel=\"noopener\">Louis Spohr: Die letzten Dinge (2021)<\/a><\/li>\n<li><a href=\"https:\/\/www.schorndorf-kantorei.de\/?p=599\" target=\"_blank\" rel=\"noopener noreferrer\">Enjott Schneider: Wasseroratorium (2019)<\/a><\/li>\n<li><a href=\"https:\/\/www.schorndorf-kantorei.de\/?p=509\">Musik vom Kirchendach (2019)<\/a><\/li>\n<li><a href=\"https:\/\/www.schorndorf-kantorei.de\/?p=463\">Georg Friedrich H\u00e4ndel: Johannes-Passion (2019)<\/a><\/li>\n<li><a href=\"https:\/\/www.schorndorf-kantorei.de\/?p=296\">Joseph Haydn: Nelsonmesse + Johann Sebastian Bach: Kantate 95 \u201eChristus, der ist mein Leben\u201c (2018)<\/a><\/li>\n<li><a href=\"http:\/\/www.schorndorf-kantorei.de\/?p=346\">Johann Sebastian Bach: Erw\u00fcnschtes Freudenlicht (BWV 184) (2018)<\/a><\/li>\n<li><a href=\"https:\/\/www.schorndorf-kantorei.de\/?p=288\">Franz Liszt: Via Crucis \u2022 Anton\u00edn Dvo\u0159\u00e1k: Kyrie und Agnus Dei aus der Messe D-Dur (2018)<\/a><\/li>\n<li><a href=\"http:\/\/www.schorndorf-kantorei.de\/?p=173\">Carl Philipp Emmanual Bach: Magnificat \u2022 Wolfgang Amadeus Mozart:\u00a0Vesperae solennes de Confessore (2017)<\/a><\/li>\n<li>Johann Sebastian Bach: Markus-Passion (2017)<\/li>\n<li>Johann Sebastian Bach: Messe h-Moll (2016)<\/li>\n<li>Wolfgang Amadeus Mozart: Davide penitente \u2022 Benedictus sit Deus (2015)<\/li>\n<li>Felix Mendelssohn-Bartholdy: Paulus (2014)<\/li>\n<li>C\u00e9sar Franck: Die sieben Worte Jesu am Kreuz (2014)<\/li>\n<li>Georg Friedrich H\u00e4ndel: Messiah [Der Messias] (2013)<\/li>\n<li>Joseph Haydn: Die Jahreszeiten (2012)<\/li>\n<li>Anton\u00edn Dvo\u0159\u00e1k: Stabat Mater op. 58 (2012)<\/li>\n<li>Hans Georg Bertram: Oratorium im Advent (2011)<\/li>\n<li>Johann Sebastian Bach: Johannespassion (2011)<\/li>\n<li>Gioachino Rossini: Petite Messe solennelle (2010)<\/li>\n<li>Heinrich Sch\u00fctz: Matth\u00e4uspassion (2010)<\/li>\n<li>Johann Sebastian Bach: Weihnachtsoratorium (2009)<\/li>\n<li>Johann Sebastian Bach \/ Grusemann: Weihnachtsoratorium f\u00fcr Kinder (2009)<\/li>\n<li>Johannes Brahms: Deutsches Requiem (2009)<\/li>\n<li>Felix Mendelssohn-Bartholdy: Elias (2008)<\/li>\n<li>G. A. Homilius: Passionsoratorium (2008)<\/li>\n<li>Joseph Haydn: Missa brevis Sancti Joannis de Deo (2007)<\/li>\n<li>Heinrich Sch\u00fctz: Musikalische Exequien (2007)<\/li>\n<li>Johannes Brahms: Zigeunerlieder (2007)<\/li>\n<li>Helmut Bornefeld: Lobt Gott ihr frommen Christen (2006)<\/li>\n<li>Johann Sebastian Bach: Messe h-Moll (2006)<\/li>\n<li>Johann Sebastian Bach: Kantaten 171 und 191 (2005)<\/li>\n<li>Anton Bruckner: Messe f-moll (2004)<\/li>\n<li>Theophil Laitenberger: Herr, mein Gott, du bist sehr herrlich (2003)<\/li>\n<li>Felix Mendelssohn-Bartholdy: Nicht unserm Namen, Herr (2003)<\/li>\n<li>Johann Sebastian Bach: Matth\u00e4uspassion (2003)<\/li>\n<li>Johann Sebastian Bach: Kantate 79 &#8222;Gott, der Herr, ist Sonn und Schild&#8220; (2002)<\/li>\n<li>Frank Martin: Golgotha (2002)<\/li>\n<li>Johann Sebastian Bach: Weihnachtsoratorium, Teil IV (2001)<\/li>\n<li>Carl Orff: Carmina Burana (2001)<\/li>\n<li>Johann Sebastian Bach: Messe A-Dur (2000)<\/li>\n<li>Wolfgang Amadeus Mozart: Requiem d-moll (2000)<\/li>\n<li>Antonio Vivaldi: Gloria D-Dur und Magnificat (1999)<\/li>\n<li>Georg Philipp Telemann: Lukaspassion (1999)<\/li>\n<li>Joseph Haydn: Die Sch\u00f6pfung (1998)<\/li>\n<li>Johannes Brahms: Deutsches Requiem (1997)<\/li>\n<\/ul>\n<\/li>\n<\/ul>\n<\/div>\n","protected":false},"excerpt":{"rendered":"<p>H\u00f6hepunkte der letzten Jahre: Gabriel Faur\u00e9: Requiem (2026) Karl Jenkins: The Armed Man: A Mass <a class=\"more-link\" href=\"https:\/\/www.schorndorf-kantorei.de\/?page_id=43\">weiterlesen &#8230;<\/a><\/p>\n","protected":false},"author":1,"featured_media":0,"parent":0,"menu_order":0,"comment_status":"closed","ping_status":"closed","template":"","meta":{"footnotes":""},"class_list":["post-43","page","type-page","status-publish","hentry"],"_links":{"self":[{"href":"https:\/\/www.schorndorf-kantorei.de\/index.php?rest_route=\/wp\/v2\/pages\/43","targetHints":{"allow":["GET"]}}],"collection":[{"href":"https:\/\/www.schorndorf-kantorei.de\/index.php?rest_route=\/wp\/v2\/pages"}],"about":[{"href":"https:\/\/www.schorndorf-kantorei.de\/index.php?rest_route=\/wp\/v2\/types\/page"}],"author":[{"embeddable":true,"href":"https:\/\/www.schorndorf-kantorei.de\/index.php?rest_route=\/wp\/v2\/users\/1"}],"replies":[{"embeddable":true,"href":"https:\/\/www.schorndorf-kantorei.de\/index.php?rest_route=%2Fwp%2Fv2%2Fcomments&post=43"}],"version-history":[{"count":43,"href":"https:\/\/www.schorndorf-kantorei.de\/index.php?rest_route=\/wp\/v2\/pages\/43\/revisions"}],"predecessor-version":[{"id":1860,"href":"https:\/\/www.schorndorf-kantorei.de\/index.php?rest_route=\/wp\/v2\/pages\/43\/revisions\/1860"}],"wp:attachment":[{"href":"https:\/\/www.schorndorf-kantorei.de\/index.php?rest_route=%2Fwp%2Fv2%2Fmedia&parent=43"}],"curies":[{"name":"wp","href":"https:\/\/api.w.org\/{rel}","templated":true}]}}