{"id":29,"date":"2017-04-17T13:50:41","date_gmt":"2017-04-17T13:50:41","guid":{"rendered":"http:\/\/www.schorndorf-kantorei.de\/wp\/?page_id=29"},"modified":"2025-11-09T13:41:51","modified_gmt":"2025-11-09T12:41:51","slug":"kantorin-und-kantorei","status":"publish","type":"page","link":"https:\/\/www.schorndorf-kantorei.de\/?page_id=29","title":{"rendered":"Kantorei und Kantor"},"content":{"rendered":"\n<p class=\"Intro-Text-P\">Die <strong>Schorndorfer Kantorei <\/strong>wurde 1997 als Chor an der Stadtkirche Schorndorf<br>gegr\u00fcndet. Neben liturgischen Chorwerken, Kantaten und Messen in Gottesdiensten<br>werden regelm\u00e4\u00dfig gro\u00dfe oratorische Chorwerke in Konzerten zur Auff\u00fchrung<br>gebracht. Das Repertoire der Schorndorfer Kantorei erstreckt sich von Werken des<br>Fr\u00fchbarocks bis hin zu zeitgen\u00f6ssischen Chorwerken. Von 1997\u20132022 wurde der<br>Chor von KMD Hannelore Hinderer geleitet. Seit Oktober 2022 ist Julian Handlos<br>Bezirkskantor in Schorndorf und Dirigent der Schorndorfer Kantorei.<\/p>\n\n\n\n<p class=\"Intro-Text-P\"><strong>Julian Handlos<\/strong> studierte Master Kirchenmusik und Schulmusik in Freiburg im<br>Breisgau. Im Jahr 2021 schloss er au\u00dferdem den Master Chorleitung und das<br>Konzertexamen im Fach Orgel mit Auszeichnung ab. Pr\u00e4gende Lehrer waren unter<br>anderem Martin Schmeding, Matthias Maierhofer, David Franke, Vincent Dubois<br>(Orgel) und Frank Markowitsch (Dirigieren). Weitere wichtige Impulse konnte er<br>bei internationalen Meisterkursen sammeln. Julian Handlos ist Preistr\u00e4ger<br>mehrerer internationaler Orgelwettbewerbe und als Konzertorganist regelm\u00e4\u00dfig in<br>Kirchen und Konzerts\u00e4len in Deutschland und im Ausland zu h\u00f6ren. Au\u00dferdem<br>unterrichtet er k\u00fcnstlerisches Orgelspiel an der Hochschule f\u00fcr Kirchenmusik in<br>Heidelberg. Seit Oktober 2022 ist Julian Handlos Bezirkskantor an der<br>Evangelischen Stadtkirche in Schorndorf.<\/p>\n\n\n\n<p>Julian Handlos<br>Schlichtener Str. 93\/4<br>73614 Schorndorf<\/p>\n\n\n\n<p>Telefon: +49 (0) 7181 669 55 49<br><a href=\"mailto:julian.handlos@elkw.de\">julian.handlos@elkw.de<\/a><br><a href=\"https:\/\/www.julian-handlos.de\/\">https:\/\/www.julian-handlos.de\/<\/a><\/p>\n","protected":false},"excerpt":{"rendered":"<p>Die Schorndorfer Kantorei wurde 1997 als Chor an der Stadtkirche Schorndorfgegr\u00fcndet. Neben liturgischen Chorwerken, Kantaten <a class=\"more-link\" href=\"https:\/\/www.schorndorf-kantorei.de\/?page_id=29\">weiterlesen &#8230;<\/a><\/p>\n","protected":false},"author":1,"featured_media":0,"parent":0,"menu_order":0,"comment_status":"closed","ping_status":"closed","template":"","meta":{"footnotes":""},"class_list":["post-29","page","type-page","status-publish","hentry"],"_links":{"self":[{"href":"https:\/\/www.schorndorf-kantorei.de\/index.php?rest_route=\/wp\/v2\/pages\/29","targetHints":{"allow":["GET"]}}],"collection":[{"href":"https:\/\/www.schorndorf-kantorei.de\/index.php?rest_route=\/wp\/v2\/pages"}],"about":[{"href":"https:\/\/www.schorndorf-kantorei.de\/index.php?rest_route=\/wp\/v2\/types\/page"}],"author":[{"embeddable":true,"href":"https:\/\/www.schorndorf-kantorei.de\/index.php?rest_route=\/wp\/v2\/users\/1"}],"replies":[{"embeddable":true,"href":"https:\/\/www.schorndorf-kantorei.de\/index.php?rest_route=%2Fwp%2Fv2%2Fcomments&post=29"}],"version-history":[{"count":30,"href":"https:\/\/www.schorndorf-kantorei.de\/index.php?rest_route=\/wp\/v2\/pages\/29\/revisions"}],"predecessor-version":[{"id":1781,"href":"https:\/\/www.schorndorf-kantorei.de\/index.php?rest_route=\/wp\/v2\/pages\/29\/revisions\/1781"}],"wp:attachment":[{"href":"https:\/\/www.schorndorf-kantorei.de\/index.php?rest_route=%2Fwp%2Fv2%2Fmedia&parent=29"}],"curies":[{"name":"wp","href":"https:\/\/api.w.org\/{rel}","templated":true}]}}