{"id":24,"date":"2017-04-17T13:47:44","date_gmt":"2017-04-17T13:47:44","guid":{"rendered":"http:\/\/www.schorndorf-kantorei.de\/wp\/?page_id=24"},"modified":"2025-01-23T20:19:26","modified_gmt":"2025-01-23T19:19:26","slug":"mitsingen","status":"publish","type":"page","link":"https:\/\/www.schorndorf-kantorei.de\/?page_id=24","title":{"rendered":"Mitsingen"},"content":{"rendered":"\n<p><span class=\"Platzhalter-C\">Derzeit ist die Kantorei in den Frauenstimmen gl\u00fccklicherweise sehr gut besetzt!<\/span> Ge\u00fcbte M\u00e4nnerstimmen sind jedoch weiterhin willkommen. Bitte melden Sie sich vor dem Einstieg in jedem Fall bei unserem Kantor Julian Handlos (Julian.Handlos@elkw.de, 07181 669 55 49).<\/p>\n\n\n\n<p>Die w\u00f6chentlichen Proben finden montags ab 19:45 Uhr im Martin-Luther-Haus, Friedrich-Fischer-Str. 1, 73614 Schorndorf, statt (au\u00dferhalb der Ferien).<\/p>\n\n\n\n<p><iframe loading=\"lazy\" style=\"border: 0;\" src=\"https:\/\/www.google.com\/maps\/embed?pb=!1m18!1m12!1m3!1d2627.814605869958!2d9.524470466756028!3d48.80451688964114!2m3!1f0!2f0!3f0!3m2!1i1024!2i768!4f13.1!3m3!1m2!1s0x4799ba0b5a471f23%3A0x335278f9dd6c1482!2sFriedrich+Fischer+Stra%C3%9Fe+1%2C+73614+Schorndorf!5e0!3m2!1sde!2sde!4v1506952903644\" width=\"600\" height=\"450\" frameborder=\"0\" allowfullscreen=\"allowfullscreen\"><\/iframe><\/p>\n","protected":false},"excerpt":{"rendered":"<p>Derzeit ist die Kantorei in den Frauenstimmen gl\u00fccklicherweise sehr gut besetzt! Ge\u00fcbte M\u00e4nnerstimmen sind jedoch <a class=\"more-link\" href=\"https:\/\/www.schorndorf-kantorei.de\/?page_id=24\">weiterlesen &#8230;<\/a><\/p>\n","protected":false},"author":1,"featured_media":0,"parent":0,"menu_order":0,"comment_status":"closed","ping_status":"closed","template":"","meta":{"footnotes":""},"class_list":["post-24","page","type-page","status-publish","hentry"],"_links":{"self":[{"href":"https:\/\/www.schorndorf-kantorei.de\/index.php?rest_route=\/wp\/v2\/pages\/24","targetHints":{"allow":["GET"]}}],"collection":[{"href":"https:\/\/www.schorndorf-kantorei.de\/index.php?rest_route=\/wp\/v2\/pages"}],"about":[{"href":"https:\/\/www.schorndorf-kantorei.de\/index.php?rest_route=\/wp\/v2\/types\/page"}],"author":[{"embeddable":true,"href":"https:\/\/www.schorndorf-kantorei.de\/index.php?rest_route=\/wp\/v2\/users\/1"}],"replies":[{"embeddable":true,"href":"https:\/\/www.schorndorf-kantorei.de\/index.php?rest_route=%2Fwp%2Fv2%2Fcomments&post=24"}],"version-history":[{"count":17,"href":"https:\/\/www.schorndorf-kantorei.de\/index.php?rest_route=\/wp\/v2\/pages\/24\/revisions"}],"predecessor-version":[{"id":1632,"href":"https:\/\/www.schorndorf-kantorei.de\/index.php?rest_route=\/wp\/v2\/pages\/24\/revisions\/1632"}],"wp:attachment":[{"href":"https:\/\/www.schorndorf-kantorei.de\/index.php?rest_route=%2Fwp%2Fv2%2Fmedia&parent=24"}],"curies":[{"name":"wp","href":"https:\/\/api.w.org\/{rel}","templated":true}]}}