{"id":1385,"date":"2023-09-27T20:15:09","date_gmt":"2023-09-27T18:15:09","guid":{"rendered":"https:\/\/www.schorndorf-kantorei.de\/?page_id=1385"},"modified":"2026-04-17T20:15:35","modified_gmt":"2026-04-17T18:15:35","slug":"foerderverein-fuer-musik-an-der-stadtkirche-schorndorf","status":"publish","type":"page","link":"https:\/\/www.schorndorf-kantorei.de\/?page_id=1385","title":{"rendered":"F\u00f6rderverein f\u00fcr Musik an der Stadtkirche Schorndorf"},"content":{"rendered":"\n<p>Werden Sie Mitglied oder unterst\u00fctzen Sie mit einer Einzelspende.<\/p>\n\n\n\n<p>An der Stadtkirche Schorndorf kommen Woche f\u00fcr Woche Menschen aller Altersgruppen zum Singen und Musizieren zusammen. Viele weitere besuchen die Konzerte und musikalischen Gottesdienste.&nbsp;<\/p>\n\n\n\n<p>Der F\u00f6rderverein f\u00fcr Musik an der Stadtkirche Schorndorf e.V. leistet finanzielle Unterst\u00fctzung f\u00fcr die vielf\u00e4ltige musikalische Arbeit. Es werden musikalische Veranstaltungen, wie zum Beispiel Chor- und Orgelkonzerte, Kindermusicals, kammermusikalische Auff\u00fchrungen sowie Gottesdienste mit Instrumenten und Solisten, unterst\u00fctzt.<\/p>\n\n\n\n<p>Auch in Zukunft m\u00f6chte der F\u00f6rderverein abwechslungsreiche Musik auf hohem Niveau erm\u00f6glichen. Mit ihrer Mitgliedschaft leisten Sie einen wesentlichen Beitrag zur Unterst\u00fctzung der musikalischen Vielfalt und Qualit\u00e4t.<\/p>\n\n\n\n<p>Alle weiteren Information finden Sie auf der&nbsp;<a href=\"https:\/\/www.foerderverein-stadtkirchenmusik-schorndorf.de\/\" target=\"_blank\" rel=\"noreferrer noopener\">Website des Vereins<\/a>.<\/p>\n\n\n\n<p>Spendenkonto:<br>F\u00f6rderverein f\u00fcr Musik an der Stadtkirche Schorndorf e.V.<br>Kreissparkasse Waiblingen<br>IBAN: DE62 6025 0010 0015 2133 94<br>BIC: SOLADES1WBN<\/p>\n\n\n\n<p><strong>Spenden via Paypal (oder Kredit-\/Debitkarte)<\/strong><\/p>\n\n\n\n<form action=\"https:\/\/www.paypal.com\/donate\" method=\"post\" target=\"_top\">\n<input type=\"hidden\" name=\"hosted_button_id\" value=\"U3UZ3HCUS7RH2\" \/>\n<input type=\"image\" src=\"https:\/\/www.paypalobjects.com\/de_DE\/DE\/i\/btn\/btn_donate_LG.gif\" border=\"0\" name=\"submit\" title=\"PayPal - The safer, easier way to pay online!\" alt=\"Spenden mit dem PayPal-Button\" \/>\n<img loading=\"lazy\" decoding=\"async\" alt=\"Paypal Link F\u00f6rderverein\" border=\"0\" src=\"https:\/\/www.paypal.com\/de_DE\/i\/scr\/pixel.gif\" width=\"1\" height=\"1\" \/>\n<\/form>\n\n\n\n<p><\/p>\n\n\n\n<figure class=\"wp-block-image size-full\"><a href=\"https:\/\/www.schorndorf-kantorei.de\/wp\/wp-content\/uploads\/2026\/04\/QR-Code.png\"><img loading=\"lazy\" decoding=\"async\" width=\"128\" height=\"128\" src=\"https:\/\/www.schorndorf-kantorei.de\/wp\/wp-content\/uploads\/2026\/04\/QR-Code.png\" alt=\"\" class=\"wp-image-1877\" srcset=\"https:\/\/www.schorndorf-kantorei.de\/wp\/wp-content\/uploads\/2026\/04\/QR-Code.png 128w, https:\/\/www.schorndorf-kantorei.de\/wp\/wp-content\/uploads\/2026\/04\/QR-Code-100x100.png 100w, https:\/\/www.schorndorf-kantorei.de\/wp\/wp-content\/uploads\/2026\/04\/QR-Code-40x40.png 40w\" sizes=\"auto, (max-width: 128px) 100vw, 128px\" \/><\/a><\/figure>\n","protected":false},"excerpt":{"rendered":"<p>Werden Sie Mitglied oder unterst\u00fctzen Sie mit einer Einzelspende. An der Stadtkirche Schorndorf kommen Woche <a class=\"more-link\" href=\"https:\/\/www.schorndorf-kantorei.de\/?page_id=1385\">weiterlesen &#8230;<\/a><\/p>\n","protected":false},"author":1,"featured_media":0,"parent":0,"menu_order":0,"comment_status":"closed","ping_status":"closed","template":"","meta":{"footnotes":""},"class_list":["post-1385","page","type-page","status-publish","hentry"],"_links":{"self":[{"href":"https:\/\/www.schorndorf-kantorei.de\/index.php?rest_route=\/wp\/v2\/pages\/1385","targetHints":{"allow":["GET"]}}],"collection":[{"href":"https:\/\/www.schorndorf-kantorei.de\/index.php?rest_route=\/wp\/v2\/pages"}],"about":[{"href":"https:\/\/www.schorndorf-kantorei.de\/index.php?rest_route=\/wp\/v2\/types\/page"}],"author":[{"embeddable":true,"href":"https:\/\/www.schorndorf-kantorei.de\/index.php?rest_route=\/wp\/v2\/users\/1"}],"replies":[{"embeddable":true,"href":"https:\/\/www.schorndorf-kantorei.de\/index.php?rest_route=%2Fwp%2Fv2%2Fcomments&post=1385"}],"version-history":[{"count":13,"href":"https:\/\/www.schorndorf-kantorei.de\/index.php?rest_route=\/wp\/v2\/pages\/1385\/revisions"}],"predecessor-version":[{"id":1885,"href":"https:\/\/www.schorndorf-kantorei.de\/index.php?rest_route=\/wp\/v2\/pages\/1385\/revisions\/1885"}],"wp:attachment":[{"href":"https:\/\/www.schorndorf-kantorei.de\/index.php?rest_route=%2Fwp%2Fv2%2Fmedia&parent=1385"}],"curies":[{"name":"wp","href":"https:\/\/api.w.org\/{rel}","templated":true}]}}